{"id":4905,"date":"2025-10-26T21:21:39","date_gmt":"2025-10-26T21:21:39","guid":{"rendered":"https:\/\/humy8646.live-website.com\/?page_id=4905"},"modified":"2026-02-28T11:12:22","modified_gmt":"2026-02-28T11:12:22","slug":"contact","status":"publish","type":"page","link":"https:\/\/humy.org\/en\/contact\/","title":{"rendered":"Contact"},"content":{"rendered":"<section class=\"l-section wpb_row us_custom_0c51f679 height_medium width_custom color_primary\" style=\"--site-content-width:860px;\"><div class=\"l-section-overlay\" style=\"background:rgba(31,31,31,0.80)\"><\/div><div class=\"l-section-h i-cf\"><div class=\"g-cols vc_row via_grid cols_1 laptops-cols_inherit tablets-cols_inherit mobiles-cols_1 valign_top type_default stacking_default\"><div class=\"wpb_column vc_column_container\"><div class=\"vc_column-inner\"><div class=\"wpb_text_column us_custom_933613eb\"><div class=\"wpb_wrapper\"><h1 style=\"text-align: center;\">Contact us<\/h1>\n<p style=\"text-align: center;\">Would you like to find out more about our projects, join our association or have any questions about donations or other issues? Just get in touch!<\/p>\n<\/div><\/div><\/div><\/div><\/div><\/div><\/section><section class=\"l-section wpb_row height_medium\"><div class=\"l-section-h i-cf\"><div class=\"g-cols vc_row via_grid cols_2 laptops-cols_inherit tablets-cols_inherit mobiles-cols_1 valign_top type_default stacking_default\" style=\"--columns-gap:58px;\"><div class=\"wpb_column vc_column_container\"><div class=\"vc_column-inner\"><div class=\"wpb_text_column\"><div class=\"wpb_wrapper\"><h4>Contact form<\/h4>\n<p>If you are already a donor and would like to change your bank details or the amount of your donation, you can send us a message using the form below, stating your request. We will deal with it as quickly as possible.<\/p>\n<p>Please use this form rather than the telephone. We are a small team and are sometimes out in the field.<\/p>\n<\/div><\/div><div class=\"w-separator size_medium\"><\/div><form class=\"w-form  us-field-style_1 layout_ver show_message_after_sending for_cform us_form_1 validate_by_recaptcha\" action=\"https:\/\/humy.org\/en\/en\/wp-json\/wp\/v2\/pages\/4905\" method=\"post\" data-trp-original-action=\"https:\/\/humy.org\/en\/en\/wp-json\/wp\/v2\/pages\/4905\"><div class=\"w-form-h\"><div class=\"w-form-row for_text required with_icon\">\r\n\t\t<div class=\"w-form-row-field\">\r\n\t\t\t\t<i class=\"material-icons\">person<\/i>\t\t<input aria-label=\"First name Last name\" type=\"text\" name=\"us_form_1_text_1\" value placeholder=\"First name Last name *\" data-required=\"true\" aria-required=\"true\"\/>\r\n\t\t\t<\/div>\r\n\t\t<div class=\"w-form-row-state\">Fill out this field<\/div>\r\n<\/div>\r\n<div class=\"w-form-row for_email required with_icon\">\r\n\t\t<div class=\"w-form-row-field\">\r\n\t\t\t\t<i class=\"fas fa-envelope\"><\/i>\t\t<input aria-label=\"Email\" type=\"email\" name=\"us_form_1_email_1\" value placeholder=\"Email *\" data-required=\"true\" aria-required=\"true\"\/>\r\n\t\t\t<\/div>\r\n\t\t<div class=\"w-form-row-state\">Please enter a valid email address.<\/div>\r\n<\/div>\r\n<div class=\"w-form-row for_text with_icon\">\r\n\t\t<div class=\"w-form-row-field\">\r\n\t\t\t\t<i class=\"material-icons\">phone<\/i>\t\t<input aria-label=\"Phone number\" inputmode=\"tel\" type=\"text\" name=\"us_form_1_text_2\" value placeholder=\"Phone number\"\/>\r\n\t\t\t<\/div>\r\n\t\t<div class=\"w-form-row-state\">Fill out this field<\/div>\r\n<\/div>\r\n<div class=\"w-form-row for_textarea required with_icon\">\r\n\t\t<div class=\"w-form-row-field\">\r\n\t\t\t\t<i class=\"material-icons\">create<\/i>\t\t<textarea aria-label=\"Message\" name=\"us_form_1_textarea_1\" placeholder=\"Message *\" data-required=\"true\" aria-required=\"true\"><\/textarea>\r\n\t\t\t<\/div>\r\n\t\t<div class=\"w-form-row-state\">Fill out this field<\/div>\r\n<\/div>\r\n<input type=\"hidden\" name=\"action\" value=\"us_ajax_cform\" \/>\r\n<input type=\"hidden\" name=\"post_id\" value=\"0\" \/>\r\n<input type=\"hidden\" name=\"form_index\" value=\"1\" \/>\r\n<div class=\"w-form-row for_recaptcha_text\">This site is protected by reCAPTCHA. La <a href=\"https:\/\/policies.google.com\/privacy\" target=\"_blank\" rel=\"noopener\">Privacy policy<\/a> and <a href=\"https:\/\/policies.google.com\/terms\" target=\"_blank\" rel=\"noopener\">Terms and conditions of use<\/a> apply.<\/div><div class=\"w-form-row for_submit align_none\">\r\n\t<button class=\"w-btn icon_atright us-btn-style_1\" aria-label=\"Submit\" type=\"submit\">\r\n\t\t<span class=\"g-preloader type_1\"><\/span>\r\n\t\t\t\t<span class=\"w-btn-label\">Submit<\/span>\r\n\t\t<i class=\"fas fa-arrow-right\"><\/i>\t<\/button>\r\n\t<\/div>\r\n<\/div><div class=\"w-form-message\"><\/div><div class=\"w-form-json hidden\" onclick='return {&quot;ajaxurl&quot;:&quot;https:\\\/\\\/humy.org\\\/wp-admin\\\/admin-ajax.php&quot;,&quot;messages&quot;:{&quot;err_empty&quot;:&quot;Fill out this field&quot;,&quot;err_size&quot;:&quot;File size cannot exceed %s MB&quot;,&quot;err_extension&quot;:&quot;%s file type is not allowed&quot;,&quot;err_recaptcha_keys&quot;:&quot;reCAPTCHA keys are incorrect&quot;},&quot;recaptcha_site_key&quot;:&quot;6Lck0HosAAAAANm-ttkoVJVeEFT44mOyxA2KPFQb&quot;}'><\/div><input type=\"hidden\" name=\"trp-form-language\" value=\"en\"\/><\/form><\/div><\/div><div class=\"wpb_column vc_column_container\"><div class=\"vc_column-inner\"><div class=\"w-iconbox us_custom_b4198c51 iconpos_left style_default color_primary align_left no_text\"><div class=\"w-iconbox-icon\" style=\"font-size:2rem;\"><i class=\"fas fa-map-pin\"><\/i><\/div><div class=\"w-iconbox-meta\"><p class=\"w-iconbox-title\">HUMY<br \/>\n2 rue des Noisetiers<br \/>\n95280 Jouy le Moutier<\/p><\/div><\/div><div class=\"w-separator size_small\"><\/div><div class=\"w-iconbox us_custom_b4198c51 iconpos_left style_default color_primary align_left no_text\"><div class=\"w-iconbox-icon\" style=\"font-size:2rem;\"><i class=\"fas fa-phone\"><\/i><\/div><div class=\"w-iconbox-meta\"><p class=\"w-iconbox-title\">+33 (0) 1 30 38 10 74<\/p><\/div><\/div><div class=\"w-separator size_small\"><\/div><div class=\"w-iconbox us_custom_b4198c51 iconpos_left style_default color_primary align_left no_text\"><div class=\"w-iconbox-icon\" style=\"font-size:2rem;\"><i class=\"fas fa-clock\"><\/i><\/div><div class=\"w-iconbox-meta\"><p class=\"w-iconbox-title\">Monday to Friday<br \/>\nfrom 10am to 1pm \/ 2pm to 6pm<\/p><\/div><\/div><div class=\"w-separator size_medium\"><\/div><div class=\"w-hwrapper valign_top wrap align_none\" style=\"--hwrapper-gap:2rem\"><div class=\"w-iconbox iconpos_top style_default color_custom align_center no_text\"><a target=\"_blank\" href=\"https:\/\/www.facebook.com\/HUMYASSO\/\" class=\"w-iconbox-link\" aria-label=\"Facebook\" rel=\"noopener\"><div class=\"w-iconbox-icon\" style=\"font-size:2rem;--icon-color:#3b5998;\"><i class=\"fab fa-facebook\"><\/i><\/div><\/a><div class=\"w-iconbox-meta\"><p class=\"w-iconbox-title\"><a target=\"_blank\" href=\"https:\/\/www.facebook.com\/HUMYASSO\/\" class=\"w-iconbox-link\" aria-label=\"Facebook\" rel=\"noopener\">Facebook<\/a><\/p><\/div><\/div><div class=\"w-iconbox iconpos_top style_default color_secondary align_center no_text\"><a target=\"_blank\" href=\"https:\/\/www.helloasso.com\/associations\/humy\" class=\"w-iconbox-link\" aria-label=\"Helloasso\" rel=\"noopener\"><div class=\"w-iconbox-icon\" style=\"font-size:2rem;\"><i class=\"fas fa-heart\"><\/i><\/div><\/a><div class=\"w-iconbox-meta\"><p class=\"w-iconbox-title\"><a target=\"_blank\" href=\"https:\/\/www.helloasso.com\/associations\/humy\" class=\"w-iconbox-link\" aria-label=\"Helloasso\" rel=\"noopener\">Helloasso<\/a><\/p><\/div><\/div><div class=\"w-iconbox iconpos_top style_default color_custom align_center no_text\"><a target=\"_blank\" href=\"https:\/\/www.instagram.com\/ong.humy\/\" class=\"w-iconbox-link\" aria-label=\"Instagram\" rel=\"noopener\"><div class=\"w-iconbox-icon\" style=\"font-size:2rem;--icon-color:#E33267;\"><i class=\"fab fa-instagram\"><\/i><\/div><\/a><div class=\"w-iconbox-meta\"><p class=\"w-iconbox-title\"><a target=\"_blank\" href=\"https:\/\/www.instagram.com\/ong.humy\/\" class=\"w-iconbox-link\" aria-label=\"Instagram\" rel=\"noopener\">Instagram<\/a><\/p><\/div><\/div><div class=\"w-iconbox iconpos_top style_default color_custom align_center no_text\"><a target=\"_blank\" href=\"https:\/\/www.linkedin.com\/company\/humy\/\" class=\"w-iconbox-link\" aria-label=\"Linkedin\" rel=\"noopener\"><div class=\"w-iconbox-icon\" style=\"font-size:2rem;--icon-color:#0A66C2;\"><i class=\"fab fa-linkedin\"><\/i><\/div><\/a><div class=\"w-iconbox-meta\"><p class=\"w-iconbox-title\"><a target=\"_blank\" href=\"https:\/\/www.linkedin.com\/company\/humy\/\" class=\"w-iconbox-link\" aria-label=\"Linkedin\" rel=\"noopener\">Linkedin<\/a><\/p><\/div><\/div><div class=\"w-iconbox iconpos_top style_default color_custom align_center no_text\"><a target=\"_blank\" href=\"https:\/\/www.youtube.com\/@Jean-MarcCivi\u00e8re\" class=\"w-iconbox-link\" aria-label=\"Youtube\" rel=\"noopener\"><div class=\"w-iconbox-icon\" style=\"font-size:2rem;--icon-color:#FF0033;\"><i class=\"fab fa-youtube\"><\/i><\/div><\/a><div class=\"w-iconbox-meta\"><p class=\"w-iconbox-title\"><a target=\"_blank\" href=\"https:\/\/www.youtube.com\/@Jean-MarcCivi\u00e8re\" class=\"w-iconbox-link\" aria-label=\"Youtube\" rel=\"noopener\">Youtube<\/a><\/p><\/div><\/div><\/div><\/div><\/div><\/div><\/div><\/section>","protected":false},"excerpt":{"rendered":"Contactez-nous Vous souhaitez en savoir plus sur nos projets, vous souhaitez adh\u00e9rer \u00e0 notre association ou vous avez des questions sur les dons ou d&rsquo;autres sujets ? Contactez-nous ! Formulaire de contact Si vous \u00eates d\u00e9j\u00e0 donateur et que vous souhaitez modifier vos coordonn\u00e9es bancaires ou changer le montant de votre don, vous pouvez nous...","protected":false},"author":1,"featured_media":0,"parent":0,"menu_order":0,"comment_status":"closed","ping_status":"closed","template":"","meta":{"_acf_changed":false,"footnotes":""},"class_list":["post-4905","page","type-page","status-publish","hentry"],"acf":[],"_links":{"self":[{"href":"https:\/\/humy.org\/en\/wp-json\/wp\/v2\/pages\/4905","targetHints":{"allow":["GET"]}}],"collection":[{"href":"https:\/\/humy.org\/en\/wp-json\/wp\/v2\/pages"}],"about":[{"href":"https:\/\/humy.org\/en\/wp-json\/wp\/v2\/types\/page"}],"author":[{"embeddable":true,"href":"https:\/\/humy.org\/en\/wp-json\/wp\/v2\/users\/1"}],"replies":[{"embeddable":true,"href":"https:\/\/humy.org\/en\/wp-json\/wp\/v2\/comments?post=4905"}],"version-history":[{"count":22,"href":"https:\/\/humy.org\/en\/wp-json\/wp\/v2\/pages\/4905\/revisions"}],"predecessor-version":[{"id":6800,"href":"https:\/\/humy.org\/en\/wp-json\/wp\/v2\/pages\/4905\/revisions\/6800"}],"wp:attachment":[{"href":"https:\/\/humy.org\/en\/wp-json\/wp\/v2\/media?parent=4905"}],"curies":[{"name":"wp","href":"https:\/\/api.w.org\/{rel}","templated":true}]}}