{"id":6504,"date":"2026-02-26T00:21:34","date_gmt":"2026-02-26T00:21:34","guid":{"rendered":"https:\/\/v2.humy.org\/?page_id=6504"},"modified":"2026-02-26T00:36:39","modified_gmt":"2026-02-26T00:36:39","slug":"legal-information","status":"publish","type":"page","link":"https:\/\/humy.org\/en\/mentions-legales\/","title":{"rendered":"Legal information"},"content":{"rendered":"<section class=\"l-section wpb_row us_custom_1c6e4d85 height_medium width_custom color_primary\" style=\"--site-content-width:760px;\"><div class=\"l-section-overlay\" style=\"background:rgba(31,31,31,0.80)\"><\/div><div class=\"l-section-h i-cf\"><div class=\"g-cols vc_row via_grid cols_1 laptops-cols_inherit tablets-cols_inherit mobiles-cols_1 valign_top type_default stacking_default\"><div class=\"wpb_column vc_column_container\"><div class=\"vc_column-inner\"><div class=\"wpb_text_column us_custom_933613eb\"><div class=\"wpb_wrapper\"><h1 style=\"text-align: center;\">Legal information<\/h1>\n<\/div><\/div><\/div><\/div><\/div><\/div><\/section><section class=\"l-section wpb_row height_medium\"><div class=\"l-section-h i-cf\"><div class=\"g-cols vc_row via_grid cols_1 laptops-cols_inherit tablets-cols_inherit mobiles-cols_1 valign_top type_default stacking_default\"><div class=\"wpb_column vc_column_container\"><div class=\"vc_column-inner\"><div class=\"g-cols wpb_row via_grid cols_1 laptops-cols_inherit tablets-cols_inherit mobiles-cols_1 valign_top type_default stacking_default\" style=\"--columns-gap:3rem;\"><div class=\"wpb_column vc_column_container\"><div class=\"vc_column-inner\"><div class=\"wpb_text_column\"><div class=\"wpb_wrapper\"><p>In accordance with the provisions of article 6 III 1\u00b0 of law n\u00b02004-575 of 21 June 2004 for confidence in the digital economy, we inform you that :<\/p>\n<ul>\n<li>This site is an official communication medium of HUMY, an association with a capital of 0 euros, registered under number 513 451 245 and whose head office is located at 2 Rue Des Noisetiers - 95280 Jouy-Le-Moutier (telephone: 01 30 38 10 74, email: contact@humy.org).<\/li>\n<li>The site's publication director is Jean-Marc Civi\u00e8re, co-founder of the association.<\/li>\n<li>The hosting service provider is OVH SAS, a simplified joint stock company (SAS) with capital of 10,174,560 euros, registered with the Lille M\u00e9tropole Trade and Companies Register (RCS) under number 424 761 419, whose registered office is located at 2 rue Kellermann - 59100 Roubaix - France (telephone: 1007 or +33 9 72 10 10 07, website: www.ovhcloud.com).<\/li>\n<\/ul>\n<p>In accordance with the provisions of RGPD 2016-679 of 27 April 2016, and Law No. 78-17 of 6 January 1978 as amended, relating to the protection of personal data, we inform you that:<\/p>\n<ul>\n<li>The information collected on the contact form on this website is recorded in a computer file, accessible only by our internal departments, for the commercial follow-up of our prospects and customers;<\/li>\n<li>They are kept for life, unless you request their deletion, and are intended for our sales department based in France; ;<\/li>\n<li>You can exercise your right of access to your personal data and have it corrected or deleted by contacting the association by telephone: 01 30 38 10 74 or by email: contact@humy.org.<\/li>\n<\/ul>\n<p>This website uses Google Analytics to measure its audience through the \u00ab\u00a0<a href=\"https:\/\/fr.wikipedia.org\/wiki\/Cookie_(informatique)\" target=\"_blank\" rel=\"nofollow noopener\">cookies<\/a>\u00ab . You can object to this by<span>\u00a0<\/span><a href=\"https:\/\/tools.google.com\/dlpage\/gaoptout?hl=fr\" target=\"_blank\" rel=\"nofollow noopener\">click here<\/a>. To find out more, consult the Google Analytics security and data protection policy at<span>\u00a0<\/span><a href=\"https:\/\/support.google.com\/analytics\/answer\/6004245?hl=fr&amp;ref_topic=2919631\" target=\"_blank\" rel=\"nofollow noopener\">click here<\/a>.<\/p>\n<p>All content on this website is protected by intellectual property rights. Reproduction, in whole or in part, is strictly prohibited without prior authorisation.<\/p>\n<p>Photo credits: \u00a9Vincent Romera, \u00a9Humy.<\/p>\n<p>Photo credits: Evrard Wendenbaum, \u00a9Philippe SURMELY - stock.adobe.com<\/p>\n<\/div><\/div><\/div><\/div><\/div><\/div><\/div><\/div><\/div><\/section>","protected":false},"excerpt":{"rendered":"Mentions l\u00e9gales Conform\u00e9ment aux dispositions de l&rsquo;article 6 III 1\u00b0 de la loi n\u00b02004\u2011575 du 21 juin 2004 pour la confiance dans l&rsquo;\u00e9conomie num\u00e9rique, nous vous informons que\u00a0: Le pr\u00e9sent site est un support de communication officiel d&rsquo;HUMY, association d\u00e9clar\u00e9e au capital de 0 euro, immatricul\u00e9e au sous le num\u00e9ro 513\u00a0451\u00a0245 et dont le si\u00e8ge...","protected":false},"author":1,"featured_media":0,"parent":0,"menu_order":0,"comment_status":"closed","ping_status":"closed","template":"","meta":{"_acf_changed":false,"footnotes":""},"class_list":["post-6504","page","type-page","status-publish","hentry"],"acf":[],"_links":{"self":[{"href":"https:\/\/humy.org\/en\/wp-json\/wp\/v2\/pages\/6504","targetHints":{"allow":["GET"]}}],"collection":[{"href":"https:\/\/humy.org\/en\/wp-json\/wp\/v2\/pages"}],"about":[{"href":"https:\/\/humy.org\/en\/wp-json\/wp\/v2\/types\/page"}],"author":[{"embeddable":true,"href":"https:\/\/humy.org\/en\/wp-json\/wp\/v2\/users\/1"}],"replies":[{"embeddable":true,"href":"https:\/\/humy.org\/en\/wp-json\/wp\/v2\/comments?post=6504"}],"version-history":[{"count":5,"href":"https:\/\/humy.org\/en\/wp-json\/wp\/v2\/pages\/6504\/revisions"}],"predecessor-version":[{"id":6510,"href":"https:\/\/humy.org\/en\/wp-json\/wp\/v2\/pages\/6504\/revisions\/6510"}],"wp:attachment":[{"href":"https:\/\/humy.org\/en\/wp-json\/wp\/v2\/media?parent=6504"}],"curies":[{"name":"wp","href":"https:\/\/api.w.org\/{rel}","templated":true}]}}