{"id":6515,"date":"2026-02-26T00:39:24","date_gmt":"2026-02-26T00:39:24","guid":{"rendered":"https:\/\/v2.humy.org\/?page_id=6515"},"modified":"2026-02-27T09:02:28","modified_gmt":"2026-02-27T09:02:28","slug":"resources-activity-report","status":"publish","type":"page","link":"https:\/\/humy.org\/en\/ressources-rapport-dactivite\/","title":{"rendered":"Resources \/ Activity report"},"content":{"rendered":"<section class=\"l-section wpb_row us_custom_1c6e4d85 height_medium width_custom color_primary\" style=\"--site-content-width:1200px;\"><div class=\"l-section-overlay\" style=\"background:rgba(31,31,31,0.80)\"><\/div><div class=\"l-section-h i-cf\"><div class=\"g-cols vc_row via_grid cols_1 laptops-cols_inherit tablets-cols_inherit mobiles-cols_1 valign_top type_default stacking_default\"><div class=\"wpb_column vc_column_container\"><div class=\"vc_column-inner\"><div class=\"wpb_text_column us_custom_933613eb\"><div class=\"wpb_wrapper\"><h1 style=\"text-align: center;\">Resources<br \/>Activity report<\/h1>\n<\/div><\/div><\/div><\/div><\/div><\/div><\/section><section class=\"l-section wpb_row height_medium\"><div class=\"l-section-h i-cf\"><div class=\"g-cols vc_row via_grid cols_1 laptops-cols_inherit tablets-cols_inherit mobiles-cols_1 valign_top type_default stacking_default\"><div class=\"wpb_column vc_column_container\"><div class=\"vc_column-inner\"><div class=\"g-cols wpb_row via_grid cols_4 laptops-cols_2 tablets-cols_inherit mobiles-cols_1 valign_top type_default stacking_default\" style=\"--columns-gap:3rem;\"><div class=\"wpb_column vc_column_container\"><div class=\"vc_column-inner\"><div class=\"w-iconbox iconpos_left style_default color_primary align_none no_text\"><a target=\"_blank\" href=\"https:\/\/humy.org\/wp-content\/uploads\/2026\/02\/0-projet-associatif-humy-2019-2021.pdf\" class=\"w-iconbox-link\" aria-label=\"ASSOCIATIVE PROJECT 2019-2021\"><div class=\"w-iconbox-icon\" style=\"font-size:1.2rem;\"><i class=\"fas fa-check\"><\/i><\/div><\/a><div class=\"w-iconbox-meta\"><p class=\"w-iconbox-title\" style=\"font-size:1.2rem;\"><a target=\"_blank\" href=\"https:\/\/humy.org\/wp-content\/uploads\/2026\/02\/0-projet-associatif-humy-2019-2021.pdf\" class=\"w-iconbox-link\" aria-label=\"ASSOCIATIVE PROJECT 2019-2021\">ASSOCIATIVE PROJECT 2019-2021<\/a><\/p><\/div><\/div><\/div><\/div><div class=\"wpb_column vc_column_container\"><div class=\"vc_column-inner\"><div class=\"w-iconbox iconpos_left style_default color_primary align_none no_text\"><a target=\"_blank\" href=\"https:\/\/humy.org\/wp-content\/uploads\/2026\/02\/0-charte-ethique.pdf\" class=\"w-iconbox-link\" aria-label=\"ETHICS CHARTER\"><div class=\"w-iconbox-icon\" style=\"font-size:1.2rem;\"><i class=\"fas fa-check\"><\/i><\/div><\/a><div class=\"w-iconbox-meta\"><p class=\"w-iconbox-title\" style=\"font-size:1.2rem;\"><a target=\"_blank\" href=\"https:\/\/humy.org\/wp-content\/uploads\/2026\/02\/0-charte-ethique.pdf\" class=\"w-iconbox-link\" aria-label=\"ETHICS CHARTER\">ETHICS CHARTER<\/a><\/p><\/div><\/div><\/div><\/div><div class=\"wpb_column vc_column_container\"><div class=\"vc_column-inner\"><div class=\"w-iconbox iconpos_left style_default color_primary align_none no_text\"><a target=\"_blank\" href=\"https:\/\/humy.org\/wp-content\/uploads\/2026\/02\/0-statuts-humy-2019.pdf\" class=\"w-iconbox-link\" aria-label=\"STATUTES\"><div class=\"w-iconbox-icon\" style=\"font-size:1.2rem;\"><i class=\"fas fa-check\"><\/i><\/div><\/a><div class=\"w-iconbox-meta\"><p class=\"w-iconbox-title\" style=\"font-size:1.2rem;\"><a target=\"_blank\" href=\"https:\/\/humy.org\/wp-content\/uploads\/2026\/02\/0-statuts-humy-2019.pdf\" class=\"w-iconbox-link\" aria-label=\"STATUTES\">STATUTES<\/a><\/p><\/div><\/div><\/div><\/div><div class=\"wpb_column vc_column_container\"><div class=\"vc_column-inner\"><\/div><\/div><div class=\"wpb_column vc_column_container\"><div class=\"vc_column-inner\"><div class=\"w-iconbox iconpos_left style_default color_primary align_none no_text\"><a target=\"_blank\" href=\"https:\/\/humy.org\/wp-content\/uploads\/2026\/02\/0-ra-humy-2023.pdf\" class=\"w-iconbox-link\" aria-label=\"2023 BUSINESS REPORT\"><div class=\"w-iconbox-icon\" style=\"font-size:1.2rem;\"><i class=\"fas fa-check\"><\/i><\/div><\/a><div class=\"w-iconbox-meta\"><p class=\"w-iconbox-title\" style=\"font-size:1.2rem;\"><a target=\"_blank\" href=\"https:\/\/humy.org\/wp-content\/uploads\/2026\/02\/0-ra-humy-2023.pdf\" class=\"w-iconbox-link\" aria-label=\"2023 BUSINESS REPORT\">2023 BUSINESS REPORT<\/a><\/p><\/div><\/div><\/div><\/div><div class=\"wpb_column vc_column_container\"><div class=\"vc_column-inner\"><div class=\"w-iconbox iconpos_left style_default color_primary align_none no_text\"><a target=\"_blank\" href=\"https:\/\/humy.org\/wp-content\/uploads\/2026\/02\/0-ra-humy-2022-v3.pdf\" class=\"w-iconbox-link\" aria-label=\"2022 BUSINESS REPORT\"><div class=\"w-iconbox-icon\" style=\"font-size:1.2rem;\"><i class=\"fas fa-check\"><\/i><\/div><\/a><div class=\"w-iconbox-meta\"><p class=\"w-iconbox-title\" style=\"font-size:1.2rem;\"><a target=\"_blank\" href=\"https:\/\/humy.org\/wp-content\/uploads\/2026\/02\/0-ra-humy-2022-v3.pdf\" class=\"w-iconbox-link\" aria-label=\"2022 BUSINESS REPORT\">2022 BUSINESS REPORT<\/a><\/p><\/div><\/div><\/div><\/div><div class=\"wpb_column vc_column_container\"><div class=\"vc_column-inner\"><div class=\"w-iconbox iconpos_left style_default color_primary align_none no_text\"><a target=\"_blank\" href=\"https:\/\/humy.org\/wp-content\/uploads\/2026\/02\/0-ra-humy-2021.pdf\" class=\"w-iconbox-link\" aria-label=\"2021 BUSINESS REPORT\"><div class=\"w-iconbox-icon\" style=\"font-size:1.2rem;\"><i class=\"fas fa-check\"><\/i><\/div><\/a><div class=\"w-iconbox-meta\"><p class=\"w-iconbox-title\" style=\"font-size:1.2rem;\"><a target=\"_blank\" href=\"https:\/\/humy.org\/wp-content\/uploads\/2026\/02\/0-ra-humy-2021.pdf\" class=\"w-iconbox-link\" aria-label=\"2021 BUSINESS REPORT\">2021 BUSINESS REPORT<\/a><\/p><\/div><\/div><\/div><\/div><div class=\"wpb_column vc_column_container\"><div class=\"vc_column-inner\"><div class=\"w-iconbox iconpos_left style_default color_primary align_none no_text\"><a target=\"_blank\" href=\"https:\/\/humy.org\/wp-content\/uploads\/2026\/02\/0-ra-humy-2020-def.pdf\" class=\"w-iconbox-link\" aria-label=\"2020 BUSINESS REPORT\"><div class=\"w-iconbox-icon\" style=\"font-size:1.2rem;\"><i class=\"fas fa-check\"><\/i><\/div><\/a><div class=\"w-iconbox-meta\"><p class=\"w-iconbox-title\" style=\"font-size:1.2rem;\"><a target=\"_blank\" href=\"https:\/\/humy.org\/wp-content\/uploads\/2026\/02\/0-ra-humy-2020-def.pdf\" class=\"w-iconbox-link\" aria-label=\"2020 BUSINESS REPORT\">2020 BUSINESS REPORT<\/a><\/p><\/div><\/div><\/div><\/div><div class=\"wpb_column vc_column_container\"><div class=\"vc_column-inner\"><div class=\"w-iconbox iconpos_left style_default color_primary align_none no_text\"><a target=\"_blank\" href=\"https:\/\/humy.org\/wp-content\/uploads\/2026\/02\/0-ra-humy-2019-v4.pdf\" class=\"w-iconbox-link\" aria-label=\"BUSINESS REPORT 2019\"><div class=\"w-iconbox-icon\" style=\"font-size:1.2rem;\"><i class=\"fas fa-check\"><\/i><\/div><\/a><div class=\"w-iconbox-meta\"><p class=\"w-iconbox-title\" style=\"font-size:1.2rem;\"><a target=\"_blank\" href=\"https:\/\/humy.org\/wp-content\/uploads\/2026\/02\/0-ra-humy-2019-v4.pdf\" class=\"w-iconbox-link\" aria-label=\"BUSINESS REPORT 2019\">BUSINESS REPORT 2019<\/a><\/p><\/div><\/div><\/div><\/div><div class=\"wpb_column vc_column_container\"><div class=\"vc_column-inner\"><div class=\"w-iconbox iconpos_left style_default color_primary align_none no_text\"><a target=\"_blank\" href=\"https:\/\/humy.org\/wp-content\/uploads\/2026\/02\/0-rapport-moral-humy-2018.pdf\" class=\"w-iconbox-link\" aria-label=\"BUSINESS REVIEW 2018\"><div class=\"w-iconbox-icon\" style=\"font-size:1.2rem;\"><i class=\"fas fa-check\"><\/i><\/div><\/a><div class=\"w-iconbox-meta\"><p class=\"w-iconbox-title\" style=\"font-size:1.2rem;\"><a target=\"_blank\" href=\"https:\/\/humy.org\/wp-content\/uploads\/2026\/02\/0-rapport-moral-humy-2018.pdf\" class=\"w-iconbox-link\" aria-label=\"BUSINESS REVIEW 2018\">BUSINESS REVIEW 2018<\/a><\/p><\/div><\/div><\/div><\/div><div class=\"wpb_column vc_column_container\"><div class=\"vc_column-inner\"><div class=\"w-iconbox iconpos_left style_default color_primary align_none no_text\"><a target=\"_blank\" href=\"https:\/\/humy.org\/wp-content\/uploads\/2026\/02\/0-rapport-d-activite-projets-actions-2017.pdf\" class=\"w-iconbox-link\" aria-label=\"ACTIVITY REPORT 2017\"><div class=\"w-iconbox-icon\" style=\"font-size:1.2rem;\"><i class=\"fas fa-check\"><\/i><\/div><\/a><div class=\"w-iconbox-meta\"><p class=\"w-iconbox-title\" style=\"font-size:1.2rem;\"><a target=\"_blank\" href=\"https:\/\/humy.org\/wp-content\/uploads\/2026\/02\/0-rapport-d-activite-projets-actions-2017.pdf\" class=\"w-iconbox-link\" aria-label=\"ACTIVITY REPORT 2017\">ACTIVITY REPORT 2017<\/a><\/p><\/div><\/div><\/div><\/div><\/div><\/div><\/div><\/div><\/div><\/section>","protected":false},"excerpt":{"rendered":"RessourcesRapport d\u2019activit\u00e9 PROJET ASSOCIATIF 2019\u20112021CHARTE \u00c9THIQUESTATUTSRAPPORT D&rsquo;ACTIVIT\u00c9 2023RAPPORT D&rsquo;ACTIVIT\u00c9 2022RAPPORT D&rsquo;ACTIVIT\u00c9 2021RAPPORT D&rsquo;ACTIVIT\u00c9 2020RAPPORT D&rsquo;ACTIVIT\u00c9 2019RAPPORT D&rsquo;ACTIVIT\u00c9 2018RAPPORT D&rsquo;ACTIVIT\u00c9 2017","protected":false},"author":1,"featured_media":0,"parent":0,"menu_order":0,"comment_status":"closed","ping_status":"closed","template":"","meta":{"_acf_changed":false,"footnotes":""},"class_list":["post-6515","page","type-page","status-publish","hentry"],"acf":[],"_links":{"self":[{"href":"https:\/\/humy.org\/en\/wp-json\/wp\/v2\/pages\/6515","targetHints":{"allow":["GET"]}}],"collection":[{"href":"https:\/\/humy.org\/en\/wp-json\/wp\/v2\/pages"}],"about":[{"href":"https:\/\/humy.org\/en\/wp-json\/wp\/v2\/types\/page"}],"author":[{"embeddable":true,"href":"https:\/\/humy.org\/en\/wp-json\/wp\/v2\/users\/1"}],"replies":[{"embeddable":true,"href":"https:\/\/humy.org\/en\/wp-json\/wp\/v2\/comments?post=6515"}],"version-history":[{"count":17,"href":"https:\/\/humy.org\/en\/wp-json\/wp\/v2\/pages\/6515\/revisions"}],"predecessor-version":[{"id":6767,"href":"https:\/\/humy.org\/en\/wp-json\/wp\/v2\/pages\/6515\/revisions\/6767"}],"wp:attachment":[{"href":"https:\/\/humy.org\/en\/wp-json\/wp\/v2\/media?parent=6515"}],"curies":[{"name":"wp","href":"https:\/\/api.w.org\/{rel}","templated":true}]}}