{"id":4896,"date":"2025-10-28T21:15:32","date_gmt":"2025-10-28T21:15:32","guid":{"rendered":"https:\/\/humy8646.live-website.com\/?page_id=4896"},"modified":"2026-02-27T11:12:13","modified_gmt":"2026-02-27T11:12:13","slug":"equipo-humy","status":"publish","type":"page","link":"https:\/\/humy.org\/es\/equipe-humy\/","title":{"rendered":"El equipo Humy"},"content":{"rendered":"<section class=\"l-section wpb_row us_custom_1c6e4d85 height_medium width_custom color_primary\" style=\"--site-content-width:1050px;\"><div class=\"l-section-overlay\" style=\"background:rgba(31,31,31,0.80)\"><\/div><div class=\"l-section-h i-cf\"><div class=\"g-cols vc_row via_grid cols_1 laptops-cols_inherit tablets-cols_inherit mobiles-cols_1 valign_top type_default stacking_default\"><div class=\"wpb_column vc_column_container\"><div class=\"vc_column-inner\"><div class=\"wpb_text_column us_custom_933613eb\"><div class=\"wpb_wrapper\"><h1 style=\"text-align: center;\">El equipo Humy<\/h1>\n<p style=\"text-align: center;\">HUMY promueve un enfoque global e integrado que sit\u00faa las cuestiones medioambientales en el centro de los retos del desarrollo humano en parajes naturales notables reconocidos como puntos calientes de biodiversidad mundial. Conozca al equipo que est\u00e1 detr\u00e1s de estos proyectos.<\/p>\n<\/div><\/div><\/div><\/div><\/div><\/div><\/section><section class=\"l-section wpb_row height_medium width_custom color_footer-bottom\" style=\"--site-content-width:900px;\"><div class=\"l-section-h i-cf\"><div class=\"g-cols vc_row via_grid cols_1 laptops-cols_inherit tablets-cols_inherit mobiles-cols_1 valign_middle type_default stacking_default\"><div class=\"wpb_column vc_column_container\"><div class=\"vc_column-inner\"><h2 class=\"w-text us_custom_65de770a has_text_color\"><span class=\"w-text-h\"><span class=\"w-text-value\">Nuestro equipo operativo<\/span><\/span><\/h2><div class=\"wpb_text_column us_custom_1b84a947 has_text_color\"><div class=\"wpb_wrapper\"><p style=\"text-align: center;\">Para poner en pr\u00e1ctica las acciones de Humy definidas por el Consejo de Administraci\u00f3n, un equipo de empleados apasionados pone en ellas mucha energ\u00eda cada d\u00eda.<\/p>\n<\/div><\/div><div class=\"w-separator size_medium\"><\/div><div class=\"g-cols wpb_row via_grid cols_2-3 laptops-cols_inherit tablets-cols_inherit mobiles-cols_1 valign_middle type_default reversed stacking_default\" style=\"--columns-gap:3rem;\"><div class=\"wpb_column vc_column_container\"><div class=\"vc_column-inner\"><div class=\"w-image has_ratio align_none\"><div class=\"w-image-h\"><div style=\"padding-bottom:100%\"><\/div><img wpfc-lazyload-disable=\"true\" decoding=\"async\" width=\"300\" height=\"400\" src=\"https:\/\/humy.org\/wp-content\/uploads\/2025\/11\/jean-marc-civiere.jpg\" class=\"attachment-large size-large\" alt=\"Fotograf\u00eda de jean-marc civiere\" loading=\"lazy\" \/><\/div><\/div><\/div><\/div><div class=\"wpb_column vc_column_container\"><div class=\"vc_column-inner\"><div class=\"w-text us_custom_a2f5ccd2 has_text_color\"><span class=\"w-text-h\"><span class=\"w-text-value\">DIRECTOR DE DESARROLLO<\/span><\/span><\/div><div class=\"wpb_text_column us_custom_c0a9cd0d has_text_color\"><div class=\"wpb_wrapper\"><h3><strong> Jean-Marc Civi\u00e8re <\/strong><\/h3>\n<p>Apasionado de la protecci\u00f3n de la biodiversidad, Jean-Marc fue uno de los creadores de HUMY. Aporta a la organizaci\u00f3n su energ\u00eda y su visi\u00f3n de la conservaci\u00f3n de los ecosistemas. Le encanta la biodiversidad y se maravilla ante la Naturaleza. Jean-Marc tambi\u00e9n est\u00e1 muy interesado en el patrimonio de las culturas tradicionales.<\/p>\n<\/div><\/div><\/div><\/div><\/div><div class=\"w-separator size_medium\"><\/div><div class=\"g-cols wpb_row via_grid cols_3-2 laptops-cols_inherit tablets-cols_inherit mobiles-cols_1 valign_middle type_default stacking_default\" style=\"--columns-gap:3rem;\"><div class=\"wpb_column vc_column_container\"><div class=\"vc_column-inner\"><div class=\"w-text us_custom_a2f5ccd2 has_text_color\"><span class=\"w-text-h\"><span class=\"w-text-value\">JEFE DE PROYECTO<\/span><\/span><\/div><div class=\"wpb_text_column us_custom_c0a9cd0d has_text_color\"><div class=\"wpb_wrapper\"><h3><strong> Vicente Romera <\/strong><\/h3>\n<p>Fascinado por la naturaleza desde la infancia, Vincent convirti\u00f3 su pasi\u00f3n en profesi\u00f3n siguiendo una formaci\u00f3n en protecci\u00f3n del medio ambiente. Actualmente es ec\u00f3logo especializado en ornitolog\u00eda y fot\u00f3grafo.<\/p>\n<p>Cree que es imposible separar la acci\u00f3n humanitaria de la conservaci\u00f3n de la naturaleza. Por eso se uni\u00f3 a HUMY y aporta su experiencia en \u00abconservaci\u00f3n y evaluaci\u00f3n de ecosistemas\u00bb.<\/p>\n<\/div><\/div><\/div><\/div><div class=\"wpb_column vc_column_container\"><div class=\"vc_column-inner\"><div class=\"w-image has_ratio align_none\"><div class=\"w-image-h\"><div style=\"padding-bottom:100%\"><\/div><img wpfc-lazyload-disable=\"true\" decoding=\"async\" width=\"1024\" height=\"1024\" src=\"https:\/\/humy.org\/wp-content\/uploads\/2026\/02\/WhatsApp-Image-2026-02-03-at-16.06.20-2-1024x1024.jpeg\" class=\"attachment-large size-large\" alt=\"\" loading=\"lazy\" \/><\/div><\/div><\/div><\/div><\/div><div class=\"w-separator size_medium\"><\/div><\/div><\/div><div class=\"wpb_column vc_column_container\"><div class=\"vc_column-inner\"><h2 class=\"w-text us_custom_4d8b0744 has_text_color\"><span class=\"w-text-h\"><span class=\"w-text-value\">Nuestro Consejo de Administraci\u00f3n<\/span><\/span><\/h2><div class=\"g-cols wpb_row via_grid cols_2-3 laptops-cols_inherit tablets-cols_inherit mobiles-cols_1 valign_middle type_default reversed stacking_default\" style=\"--columns-gap:3rem;\"><div class=\"wpb_column vc_column_container\"><div class=\"vc_column-inner\"><div class=\"w-image has_ratio align_none\"><div class=\"w-image-h\"><div style=\"padding-bottom:100%\"><\/div><img wpfc-lazyload-disable=\"true\" decoding=\"async\" width=\"1017\" height=\"1024\" src=\"https:\/\/humy.org\/wp-content\/uploads\/2025\/12\/45b9eba5-baed-4718-b862-e2e4d7c7dfe3-1017x1024.jpg\" class=\"attachment-large size-large\" alt=\"Thomas Leaud\" loading=\"lazy\" \/><\/div><\/div><\/div><\/div><div class=\"wpb_column vc_column_container\"><div class=\"vc_column-inner\"><div class=\"w-text us_custom_a2f5ccd2 has_text_color\"><span class=\"w-text-h\"><span class=\"w-text-value\">PRESIDENTE<\/span><\/span><\/div><div class=\"wpb_text_column us_custom_c0a9cd0d has_text_color\"><div class=\"wpb_wrapper\"><h3><strong> Thomas Leaud <\/strong><\/h3>\n<p>Fot\u00f3grafo profesional, Thomas ha viajado mucho y pronto se interes\u00f3 por las minor\u00edas \u00e9tnicas que fotografiaba. Al acercarse a ellas y convivir con ellas, se interes\u00f3 por su modo de vida, interdependiente con la naturaleza. Sensible a la necesidad de proteger el medio ambiente y las condiciones de vida de las poblaciones aisladas, se implic\u00f3 con las ONG que trabajan para protegerlas a ellas y a la naturaleza que las rodea, y se uni\u00f3 a HUMY, de la que ahora es Presidente.<\/p>\n<\/div><\/div><\/div><\/div><\/div><div class=\"w-separator size_medium\"><\/div><div class=\"g-cols wpb_row via_grid cols_3-2 laptops-cols_inherit tablets-cols_inherit mobiles-cols_1 valign_middle type_default stacking_default\" style=\"--columns-gap:3rem;\"><div class=\"wpb_column vc_column_container\"><div class=\"vc_column-inner\"><div class=\"w-text us_custom_a2f5ccd2 has_text_color\"><span class=\"w-text-h\"><span class=\"w-text-value\">ADMINISTRADOR<\/span><\/span><\/div><div class=\"wpb_text_column us_custom_c0a9cd0d has_text_color\"><div class=\"wpb_wrapper\"><h3><strong> Apolline Evieux <\/strong><\/h3>\n<p>Voluntaria desde 2019, Apolline es actualmente corresponsable de los eventos relacionados con el arte en Humy. Tiene un m\u00e1ster en producci\u00f3n audiovisual y eventos, y trabaja como directora de producci\u00f3n para una empresa independiente, prestando sus habilidades de gesti\u00f3n de proyectos y comunicaci\u00f3n a la asociaci\u00f3n. Por su amor a la naturaleza y su sensibilidad hacia las causas medioambientales y humanas que apoya Humy, quiso formar parte de su junta directiva.<\/p>\n<\/div><\/div><\/div><\/div><div class=\"wpb_column vc_column_container\"><div class=\"vc_column-inner\"><div class=\"w-image align_none\"><div class=\"w-image-h\"><img decoding=\"async\" width=\"849\" height=\"868\" src=\"https:\/\/humy.org\/wp-content\/uploads\/2026\/02\/PHOTO-2026-02-04-16-25-57-2.jpg\" class=\"attachment-large size-large\" alt=\"\" loading=\"lazy\" srcset=\"https:\/\/humy.org\/wp-content\/uploads\/2026\/02\/PHOTO-2026-02-04-16-25-57-2.jpg 849w, https:\/\/humy.org\/wp-content\/uploads\/2026\/02\/PHOTO-2026-02-04-16-25-57-2-293x300.jpg 293w, https:\/\/humy.org\/wp-content\/uploads\/2026\/02\/PHOTO-2026-02-04-16-25-57-2-12x12.jpg 12w\" sizes=\"auto, (max-width: 849px) 100vw, 849px\" wpfc-lazyload-disable=\"true\" \/><\/div><\/div><\/div><\/div><\/div><div class=\"w-separator size_medium\"><\/div><div class=\"g-cols wpb_row via_grid cols_2-3 laptops-cols_inherit tablets-cols_inherit mobiles-cols_1 valign_middle type_default reversed stacking_default\" style=\"--columns-gap:3rem;\"><div class=\"wpb_column vc_column_container\"><div class=\"vc_column-inner\"><div class=\"w-image has_ratio align_none\"><div class=\"w-image-h\"><div style=\"padding-bottom:100%\"><\/div><img wpfc-lazyload-disable=\"true\" decoding=\"async\" width=\"1024\" height=\"1024\" src=\"https:\/\/humy.org\/wp-content\/uploads\/2026\/02\/WhatsApp-Image-2026-02-23-at-12.19.34-1024x1024.jpg\" class=\"attachment-large size-large\" alt=\"\" loading=\"lazy\" \/><\/div><\/div><\/div><\/div><div class=\"wpb_column vc_column_container\"><div class=\"vc_column-inner\"><div class=\"w-text us_custom_a2f5ccd2 has_text_color\"><span class=\"w-text-h\"><span class=\"w-text-value\">DIRECTOR<\/span><\/span><\/div><div class=\"wpb_text_column us_custom_c0a9cd0d has_text_color\"><div class=\"wpb_wrapper\"><h3><strong> Sophie Baillon <\/strong><\/h3>\n<p>Sophie cuenta con m\u00e1s de quince a\u00f1os de experiencia en el dise\u00f1o, gesti\u00f3n y seguimiento de estrategias, campa\u00f1as de comunicaci\u00f3n y promoci\u00f3n en el \u00e1mbito de la solidaridad internacional. Actualmente trabaja para Friends of the Global Fund Europe, una asociaci\u00f3n de defensa de la salud mundial, y ha trabajado para Coalition PLUS, una alianza de asociaciones comunitarias de lucha contra el sida, y Survival International (Francia), un movimiento mundial por los derechos de los pueblos ind\u00edgenas, una causa que le resulta especialmente cercana.<\/p>\n<\/div><\/div><\/div><\/div><\/div><div class=\"w-separator size_medium\"><\/div><div class=\"g-cols wpb_row via_grid cols_3-2 laptops-cols_inherit tablets-cols_inherit mobiles-cols_1 valign_middle type_default stacking_default\" style=\"--columns-gap:3rem;\"><div class=\"wpb_column vc_column_container\"><div class=\"vc_column-inner\"><div class=\"w-text us_custom_a2f5ccd2 has_text_color\"><span class=\"w-text-h\"><span class=\"w-text-value\">ADMINISTRADOR<\/span><\/span><\/div><div class=\"wpb_text_column us_custom_c0a9cd0d has_text_color\"><div class=\"wpb_wrapper\"><h3><strong> William Delanoe <\/strong><\/h3>\n<p>William est\u00e1 comprometido con las cuestiones medioambientales y la protecci\u00f3n de los animales. Sensible a las acciones concretas para preservar la biodiversidad, descubri\u00f3 Humy en 2023 y tuvo la oportunidad de viajar a Ben\u00edn para observar los proyectos de campo llevados a cabo por la asociaci\u00f3n. Convencido de la importancia de un compromiso a largo plazo, se incorpor\u00f3 naturalmente a la Junta Directiva. Como desarrollador web, ayuda a la asociaci\u00f3n a mejorar sus proyectos digitales.<\/p>\n<\/div><\/div><\/div><\/div><div class=\"wpb_column vc_column_container\"><div class=\"vc_column-inner\"><div class=\"w-image align_none\"><div class=\"w-image-h\"><img decoding=\"async\" width=\"1024\" height=\"1024\" src=\"https:\/\/humy.org\/wp-content\/uploads\/2026\/02\/william-1-1024x1024.jpg\" class=\"attachment-large size-large\" alt=\"\" loading=\"lazy\" srcset=\"https:\/\/humy.org\/wp-content\/uploads\/2026\/02\/william-1-1024x1024.jpg 1024w, https:\/\/humy.org\/wp-content\/uploads\/2026\/02\/william-1-300x300.jpg 300w, https:\/\/humy.org\/wp-content\/uploads\/2026\/02\/william-1-150x150.jpg 150w, https:\/\/humy.org\/wp-content\/uploads\/2026\/02\/william-1-12x12.jpg 12w, https:\/\/humy.org\/wp-content\/uploads\/2026\/02\/william-1-scaled.jpg 1980w\" sizes=\"auto, (max-width: 1024px) 100vw, 1024px\" wpfc-lazyload-disable=\"true\" \/><\/div><\/div><\/div><\/div><\/div><div class=\"w-separator size_medium\"><\/div><div class=\"g-cols wpb_row via_grid cols_2-3 laptops-cols_inherit tablets-cols_inherit mobiles-cols_1 valign_middle type_default reversed stacking_default\" style=\"--columns-gap:3rem;\"><div class=\"wpb_column vc_column_container\"><div class=\"vc_column-inner\"><div class=\"w-image has_ratio align_none\"><div class=\"w-image-h\"><div style=\"padding-bottom:100%\"><\/div><img wpfc-lazyload-disable=\"true\" decoding=\"async\" width=\"922\" height=\"1024\" src=\"https:\/\/humy.org\/wp-content\/uploads\/2026\/02\/Capture-decran-2026-02-22-a-09.08.35-922x1024.png\" class=\"attachment-large size-large\" alt=\"\" loading=\"lazy\" \/><\/div><\/div><\/div><\/div><div class=\"wpb_column vc_column_container\"><div class=\"vc_column-inner\"><div class=\"w-text us_custom_a2f5ccd2 has_text_color\"><span class=\"w-text-h\"><span class=\"w-text-value\">DIRECTOR<\/span><\/span><\/div><div class=\"wpb_text_column us_custom_c0a9cd0d has_text_color\"><div class=\"wpb_wrapper\"><h3><strong> Monique Richter <\/strong><\/h3>\n<p>Monique es arquitecta, urbanista y soci\u00f3loga, y desde hace tiempo se interesa por la diversidad cultural. Desde hace una veintena de a\u00f1os, trabaja para tener en cuenta las identidades culturales en el \u00e1mbito de la vivienda y el desarrollo, con un enfoque operativo. En este contexto, ha realizado varios trabajos de referencia en los territorios franceses de ultramar, algunos de los cuales han sido publicados por la UNESCO y L'Harmattan.<\/p>\n<\/div><\/div><\/div><\/div><\/div><div class=\"w-separator size_medium\"><\/div><div class=\"g-cols wpb_row via_grid cols_3-2 laptops-cols_inherit tablets-cols_inherit mobiles-cols_1 valign_middle type_default stacking_default\" style=\"--columns-gap:3rem;\"><div class=\"wpb_column vc_column_container\"><div class=\"vc_column-inner\"><div class=\"w-text us_custom_a2f5ccd2 has_text_color\"><span class=\"w-text-h\"><span class=\"w-text-value\">TESORERO<\/span><\/span><\/div><div class=\"wpb_text_column us_custom_c0a9cd0d has_text_color\"><div class=\"wpb_wrapper\"><h3><strong> Solange Ch\u00e9ruel<\/strong><\/h3>\n<div dir=\"ltr\" data-setdir=\"false\">Muy pronto en su vida, cuando era adolescente, Solange estaba tan preocupada por los problemas de la pobreza en \u00c1frica y Asia que a los 18 a\u00f1os pens\u00f3 que en cuanto ganara dinero ayudar\u00eda a los ni\u00f1os africanos.<\/div>\n<div dir=\"ltr\" data-setdir=\"false\">Su camino fue otro, pero en 2008, cuando Jean Marc Civiere le habl\u00f3 de su proyecto de crear una ONG para ayudar a estas personas, le habl\u00f3 de inmediato.<\/div>\n<div dir=\"ltr\" data-setdir=\"false\">Y para Solange era natural implicarse en la parte del negocio en la que est\u00e1 especializada, la contabilidad. Solange sigue sintiendo un gran placer y gratificaci\u00f3n al ver lo lejos que ha llegado Humy y al pensar en los logros venideros.\u00bb<\/div>\n<\/div><\/div><\/div><\/div><div class=\"wpb_column vc_column_container\"><div class=\"vc_column-inner\"><div class=\"w-image has_ratio align_none\"><div class=\"w-image-h\"><div style=\"padding-bottom:100%\"><\/div><img wpfc-lazyload-disable=\"true\" decoding=\"async\" width=\"965\" height=\"1024\" src=\"https:\/\/humy.org\/wp-content\/uploads\/2026\/02\/Sans-titre-1-copie-1-965x1024.jpg\" class=\"attachment-large size-large\" alt=\"\" loading=\"lazy\" \/><\/div><\/div><\/div><\/div><\/div><\/div><\/div><\/div><\/div><\/section>","protected":false},"excerpt":{"rendered":"El equipo Humy HUMY promueve un enfoque global e integrado que sit\u00faa las cuestiones medioambientales en el centro de los retos del desarrollo humano en parajes naturales notables reconocidos como puntos calientes de biodiversidad mundial. Conozca al equipo que lleva a cabo estos proyectos. Nuestro equipo operativoPara llevar a cabo las acciones de Humy definidas por el Consejo de...","protected":false},"author":1,"featured_media":0,"parent":0,"menu_order":0,"comment_status":"closed","ping_status":"closed","template":"","meta":{"_acf_changed":false,"footnotes":""},"class_list":["post-4896","page","type-page","status-publish","hentry"],"acf":[],"_links":{"self":[{"href":"https:\/\/humy.org\/es\/wp-json\/wp\/v2\/pages\/4896","targetHints":{"allow":["GET"]}}],"collection":[{"href":"https:\/\/humy.org\/es\/wp-json\/wp\/v2\/pages"}],"about":[{"href":"https:\/\/humy.org\/es\/wp-json\/wp\/v2\/types\/page"}],"author":[{"embeddable":true,"href":"https:\/\/humy.org\/es\/wp-json\/wp\/v2\/users\/1"}],"replies":[{"embeddable":true,"href":"https:\/\/humy.org\/es\/wp-json\/wp\/v2\/comments?post=4896"}],"version-history":[{"count":66,"href":"https:\/\/humy.org\/es\/wp-json\/wp\/v2\/pages\/4896\/revisions"}],"predecessor-version":[{"id":6783,"href":"https:\/\/humy.org\/es\/wp-json\/wp\/v2\/pages\/4896\/revisions\/6783"}],"wp:attachment":[{"href":"https:\/\/humy.org\/es\/wp-json\/wp\/v2\/media?parent=4896"}],"curies":[{"name":"wp","href":"https:\/\/api.w.org\/{rel}","templated":true}]}}