{"id":5006,"date":"2025-11-12T01:44:59","date_gmt":"2025-11-12T01:44:59","guid":{"rendered":"https:\/\/humy8646.live-website.com\/?page_id=5006"},"modified":"2026-01-26T18:45:20","modified_gmt":"2026-01-26T18:45:20","slug":"hacer-un-donativo","status":"publish","type":"page","link":"https:\/\/humy.org\/es\/faire-un-don\/","title":{"rendered":"Hacer un donativo"},"content":{"rendered":"<section class=\"l-section wpb_row us_custom_0c51f679 height_medium width_custom color_primary\" style=\"--site-content-width:1050px;\"><div class=\"l-section-overlay\" style=\"background:rgba(31,31,31,0.80)\"><\/div><div class=\"l-section-h i-cf\"><div class=\"g-cols vc_row via_grid cols_1 laptops-cols_inherit tablets-cols_inherit mobiles-cols_1 valign_top type_default stacking_default\"><div class=\"wpb_column vc_column_container\"><div class=\"vc_column-inner\"><div class=\"wpb_text_column us_custom_933613eb\"><div class=\"wpb_wrapper\"><h1 style=\"text-align: center;\">Hacer un donativo<\/h1>\n<p style=\"text-align: center;\">Al apoyar a HUMY, usted contribuye directamente a proyectos concretos de protecci\u00f3n de la biodiversidad y desarrollo sostenible que se llevan a cabo con ONG locales en varios pa\u00edses.<\/p>\n<p style=\"text-align: center;\">Cada donaci\u00f3n, sea cual sea su importe, nos ayuda a actuar sobre el terreno para preservar la naturaleza y mejorar las condiciones de vida de las comunidades que dependen de ella.<\/p>\n<\/div><\/div><\/div><\/div><\/div><\/div><\/section><section class=\"l-section wpb_row height_medium\"><div class=\"l-section-h i-cf\"><div class=\"g-cols vc_row via_grid cols_1 laptops-cols_inherit tablets-cols_inherit mobiles-cols_1 valign_top type_default stacking_default\"><div class=\"wpb_column vc_column_container\"><div class=\"vc_column-inner\"><div class=\"w-html\"><iframe src=\"https:\/\/www.helloasso.com\/associations\/humy\/formulaires\/5\/widget\" style=\"border-radius:12px;height:1100px;width:100%\"><\/iframe><\/div><\/div><\/div><\/div><\/div><\/section>","protected":false},"excerpt":{"rendered":"Faire un don En soutenant HUMY, vous contribuez directement \u00e0 des projets concrets de protection de la biodiversit\u00e9 et de d\u00e9veloppement durable, men\u00e9s avec des ONG locales dans plusieurs pays. Chaque don, quel que soit son montant, nous aide \u00e0 agir sur le terrain pour pr\u00e9server la nature et am\u00e9liorer les conditions de vie des...","protected":false},"author":1,"featured_media":0,"parent":0,"menu_order":0,"comment_status":"closed","ping_status":"closed","template":"","meta":{"_acf_changed":false,"footnotes":""},"class_list":["post-5006","page","type-page","status-publish","hentry"],"acf":[],"_links":{"self":[{"href":"https:\/\/humy.org\/es\/wp-json\/wp\/v2\/pages\/5006","targetHints":{"allow":["GET"]}}],"collection":[{"href":"https:\/\/humy.org\/es\/wp-json\/wp\/v2\/pages"}],"about":[{"href":"https:\/\/humy.org\/es\/wp-json\/wp\/v2\/types\/page"}],"author":[{"embeddable":true,"href":"https:\/\/humy.org\/es\/wp-json\/wp\/v2\/users\/1"}],"replies":[{"embeddable":true,"href":"https:\/\/humy.org\/es\/wp-json\/wp\/v2\/comments?post=5006"}],"version-history":[{"count":6,"href":"https:\/\/humy.org\/es\/wp-json\/wp\/v2\/pages\/5006\/revisions"}],"predecessor-version":[{"id":5459,"href":"https:\/\/humy.org\/es\/wp-json\/wp\/v2\/pages\/5006\/revisions\/5459"}],"wp:attachment":[{"href":"https:\/\/humy.org\/es\/wp-json\/wp\/v2\/media?parent=5006"}],"curies":[{"name":"wp","href":"https:\/\/api.w.org\/{rel}","templated":true}]}}