{"id":6504,"date":"2026-02-26T00:21:34","date_gmt":"2026-02-26T00:21:34","guid":{"rendered":"https:\/\/v2.humy.org\/?page_id=6504"},"modified":"2026-02-26T00:36:39","modified_gmt":"2026-02-26T00:36:39","slug":"informacion-legal","status":"publish","type":"page","link":"https:\/\/humy.org\/es\/mentions-legales\/","title":{"rendered":"Informaci\u00f3n jur\u00eddica"},"content":{"rendered":"<section class=\"l-section wpb_row us_custom_1c6e4d85 height_medium width_custom color_primary\" style=\"--site-content-width:760px;\"><div class=\"l-section-overlay\" style=\"background:rgba(31,31,31,0.80)\"><\/div><div class=\"l-section-h i-cf\"><div class=\"g-cols vc_row via_grid cols_1 laptops-cols_inherit tablets-cols_inherit mobiles-cols_1 valign_top type_default stacking_default\"><div class=\"wpb_column vc_column_container\"><div class=\"vc_column-inner\"><div class=\"wpb_text_column us_custom_933613eb\"><div class=\"wpb_wrapper\"><h1 style=\"text-align: center;\">Informaci\u00f3n jur\u00eddica<\/h1>\n<\/div><\/div><\/div><\/div><\/div><\/div><\/section><section class=\"l-section wpb_row height_medium\"><div class=\"l-section-h i-cf\"><div class=\"g-cols vc_row via_grid cols_1 laptops-cols_inherit tablets-cols_inherit mobiles-cols_1 valign_top type_default stacking_default\"><div class=\"wpb_column vc_column_container\"><div class=\"vc_column-inner\"><div class=\"g-cols wpb_row via_grid cols_1 laptops-cols_inherit tablets-cols_inherit mobiles-cols_1 valign_top type_default stacking_default\" style=\"--columns-gap:3rem;\"><div class=\"wpb_column vc_column_container\"><div class=\"vc_column-inner\"><div class=\"wpb_text_column\"><div class=\"wpb_wrapper\"><p>De conformidad con lo dispuesto en el art\u00edculo 6 III 1\u00b0 de la ley n\u00b02004-575 de 21 de junio de 2004 para la confianza en la econom\u00eda digital, le informamos de que :<\/p>\n<ul>\n<li>Este sitio es un medio de comunicaci\u00f3n oficial de HUMY, asociaci\u00f3n con un capital de 0 euros, registrada con el n\u00famero 513 451 245 y cuya sede social se encuentra en 2 Rue Des Noisetiers - 95280 Jouy-Le-Moutier (tel\u00e9fono: 01 30 38 10 74, correo electr\u00f3nico: contact@humy.org).<\/li>\n<li>El director de la publicaci\u00f3n es Jean-Marc Civi\u00e8re, cofundador de la asociaci\u00f3n.<\/li>\n<li>El proveedor de servicios de alojamiento es OVH SAS, una sociedad por acciones simplificada (SAS) con un capital de 10.174.560 euros, inscrita en el Registro Mercantil y de Sociedades (RCS) de Lille M\u00e9tropole con el n\u00famero 424 761 419, cuyo domicilio social se encuentra en 2 rue Kellermann - 59100 Roubaix - Francia (tel\u00e9fono: 1007 o +33 9 72 10 10 07, p\u00e1gina web: www.ovhcloud.com).<\/li>\n<\/ul>\n<p>De conformidad con lo dispuesto en el RGPD 2016-679, de 27 de abril de 2016, y en la Ley n.\u00ba 78-17, de 6 de enero de 1978, modificada, relativa a la protecci\u00f3n de datos de car\u00e1cter personal, le informamos de que:<\/p>\n<ul>\n<li>La informaci\u00f3n recogida en el formulario de contacto de este sitio web se registra en un fichero inform\u00e1tico, accesible \u00fanicamente por nuestros departamentos internos, para el seguimiento comercial de nuestros prospectos y clientes;<\/li>\n<li>Se conservan de por vida, salvo que solicite su supresi\u00f3n, y est\u00e1n destinadas a nuestro departamento de ventas con sede en Francia; ;<\/li>\n<li>Puede ejercer su derecho de acceso a sus datos personales y solicitar su rectificaci\u00f3n o supresi\u00f3n poni\u00e9ndose en contacto con la asociaci\u00f3n por tel\u00e9fono: 01 30 38 10 74 o por correo electr\u00f3nico: contact@humy.org.<\/li>\n<\/ul>\n<p>Este sitio web utiliza Google Analytics para medir su audiencia a trav\u00e9s de la herramienta \u00ab\u00a0<a href=\"https:\/\/fr.wikipedia.org\/wiki\/Cookie_(informatique)\" target=\"_blank\" rel=\"nofollow noopener\">galletas<\/a>\u00ab . Puede oponerse a ello<span>\u00a0<\/span><a href=\"https:\/\/tools.google.com\/dlpage\/gaoptout?hl=fr\" target=\"_blank\" rel=\"nofollow noopener\">pulse aqu\u00ed<\/a>. Para obtener m\u00e1s informaci\u00f3n, consulte la pol\u00edtica de seguridad y protecci\u00f3n de datos de Google Analytics en<span>\u00a0<\/span><a href=\"https:\/\/support.google.com\/analytics\/answer\/6004245?hl=fr&amp;ref_topic=2919631\" target=\"_blank\" rel=\"nofollow noopener\">pulse aqu\u00ed<\/a>.<\/p>\n<p>Todo el contenido de este sitio web est\u00e1 protegido por derechos de propiedad intelectual. Queda terminantemente prohibida su reproducci\u00f3n total o parcial sin autorizaci\u00f3n previa.<\/p>\n<p>Fotos: \u00a9Vincent Romera, \u00a9Humy.<\/p>\n<p>Fotos: Evrard Wendenbaum, \u00a9Philippe SURMELY - stock.adobe.com<\/p>\n<\/div><\/div><\/div><\/div><\/div><\/div><\/div><\/div><\/div><\/section>","protected":false},"excerpt":{"rendered":"Informaci\u00f3n legal De conformidad con lo dispuesto en el art\u00edculo 6 III 1\u00b0 de la ley n\u00ba 2004-575 de 21 de junio de 2004 sobre la confianza en la econom\u00eda digital, le informamos de que: Este sitio es un medio de comunicaci\u00f3n oficial de HUMY, una asociaci\u00f3n con un capital de 0 euros, registrada con el n\u00famero 513 451 245 y cuya sede...","protected":false},"author":1,"featured_media":0,"parent":0,"menu_order":0,"comment_status":"closed","ping_status":"closed","template":"","meta":{"_acf_changed":false,"footnotes":""},"class_list":["post-6504","page","type-page","status-publish","hentry"],"acf":[],"_links":{"self":[{"href":"https:\/\/humy.org\/es\/wp-json\/wp\/v2\/pages\/6504","targetHints":{"allow":["GET"]}}],"collection":[{"href":"https:\/\/humy.org\/es\/wp-json\/wp\/v2\/pages"}],"about":[{"href":"https:\/\/humy.org\/es\/wp-json\/wp\/v2\/types\/page"}],"author":[{"embeddable":true,"href":"https:\/\/humy.org\/es\/wp-json\/wp\/v2\/users\/1"}],"replies":[{"embeddable":true,"href":"https:\/\/humy.org\/es\/wp-json\/wp\/v2\/comments?post=6504"}],"version-history":[{"count":5,"href":"https:\/\/humy.org\/es\/wp-json\/wp\/v2\/pages\/6504\/revisions"}],"predecessor-version":[{"id":6510,"href":"https:\/\/humy.org\/es\/wp-json\/wp\/v2\/pages\/6504\/revisions\/6510"}],"wp:attachment":[{"href":"https:\/\/humy.org\/es\/wp-json\/wp\/v2\/media?parent=6504"}],"curies":[{"name":"wp","href":"https:\/\/api.w.org\/{rel}","templated":true}]}}